{"id":24334,"date":"2022-05-24T13:57:30","date_gmt":"2022-05-24T13:57:30","guid":{"rendered":"https:\/\/www.applivery.com\/contacto-de-ventas\/"},"modified":"2025-03-28T09:57:42","modified_gmt":"2025-03-28T09:57:42","slug":"contacto-comercial","status":"publish","type":"page","link":"https:\/\/www.applivery.com\/es\/contacto-comercial\/","title":{"rendered":"Contacto Comercial"},"content":{"rendered":"\t\t<div data-elementor-type=\"wp-page\" data-elementor-id=\"24334\" class=\"elementor elementor-24334\" data-elementor-post-type=\"page\">\n\t\t\t\t<div class=\"elementor-element elementor-element-100f919 e-flex e-con-boxed e-con e-parent\" data-id=\"100f919\" data-element_type=\"container\" data-e-type=\"container\" data-settings=\"{&quot;background_background&quot;:&quot;classic&quot;}\">\n\t\t\t\t\t<div class=\"e-con-inner\">\n\t\t<div class=\"elementor-element elementor-element-3cef5b7 e-con-full e-flex e-con e-child\" data-id=\"3cef5b7\" data-element_type=\"container\" data-e-type=\"container\">\n\t\t\t\t<div class=\"elementor-element elementor-element-f77511b elementor-widget elementor-widget-heading\" data-id=\"f77511b\" data-element_type=\"widget\" data-e-type=\"widget\" data-widget_type=\"heading.default\">\n\t\t\t\t\t<h1 class=\"elementor-heading-title elementor-size-default\">Contacto Comercial<\/h1>\t\t\t\t<\/div>\n\t\t\t\t<div class=\"elementor-element elementor-element-f610587 elementor-widget elementor-widget-heading\" data-id=\"f610587\" data-element_type=\"widget\" data-e-type=\"widget\" data-widget_type=\"heading.default\">\n\t\t\t\t\t<div class=\"elementor-heading-title elementor-size-default\">Solicite una sesi\u00f3n individual con nuestro equipo de ventas o env\u00edenos un mensaje y nos pondremos en contacto contigo.<\/div>\t\t\t\t<\/div>\n\t\t\t\t<\/div>\n\t\t<div class=\"elementor-element elementor-element-751068e e-con-full e-flex e-con e-child\" data-id=\"751068e\" data-element_type=\"container\" data-e-type=\"container\">\n\t\t\t\t<\/div>\n\t\t\t\t\t<\/div>\n\t\t\t\t<\/div>\n\t\t<div class=\"elementor-element elementor-element-a569f9f e-flex e-con-boxed e-con e-parent\" data-id=\"a569f9f\" data-element_type=\"container\" data-e-type=\"container\">\n\t\t\t\t\t<div class=\"e-con-inner\">\n\t\t<div class=\"elementor-element elementor-element-b9df2c6 e-con-full e-flex e-con e-child\" data-id=\"b9df2c6\" data-element_type=\"container\" data-e-type=\"container\">\n\t\t\t\t<div class=\"elementor-element elementor-element-f3d769d elementor-widget__width-inherit elementor-widget elementor-widget-image\" data-id=\"f3d769d\" data-element_type=\"widget\" data-e-type=\"widget\" data-widget_type=\"image.default\">\n\t\t\t\t\t\t\t\t\t\t\t\t\t\t\t<img loading=\"lazy\" decoding=\"async\" width=\"800\" height=\"538\" src=\"https:\/\/www.applivery.com\/wp-content\/uploads\/2022\/10\/apple-device-management-mdm-for-apple-1-1024x689.png\" class=\"attachment-large size-large wp-image-21458\" alt=\"apple device management mdm for apple (1)\" srcset=\"https:\/\/www.applivery.com\/wp-content\/uploads\/2022\/10\/apple-device-management-mdm-for-apple-1-1024x689.png 1024w, https:\/\/www.applivery.com\/wp-content\/uploads\/2022\/10\/apple-device-management-mdm-for-apple-1-300x202.png 300w, https:\/\/www.applivery.com\/wp-content\/uploads\/2022\/10\/apple-device-management-mdm-for-apple-1-768x517.png 768w, https:\/\/www.applivery.com\/wp-content\/uploads\/2022\/10\/apple-device-management-mdm-for-apple-1.png 1280w\" sizes=\"auto, (max-width: 800px) 100vw, 800px\" title=\"apple device management mdm for apple (1) | Applivery\" \/>\t\t\t\t\t\t\t\t\t\t\t\t\t\t\t<\/div>\n\t\t\t\t<div class=\"elementor-element elementor-element-4d04660 elementor-widget__width-inherit elementor-widget elementor-widget-heading\" data-id=\"4d04660\" data-element_type=\"widget\" data-e-type=\"widget\" data-widget_type=\"heading.default\">\n\t\t\t\t\t<p class=\"elementor-heading-title elementor-size-default\"><b>Ventas<\/b><br>En esta sesi\u00f3n en l\u00ednea, nuestros asesores de ventas te ayudar\u00e1n a definir la mejor estrategia y las opciones de compra de Applivery. Tambi\u00e9n le explicar\u00e1n detalladamente las principales ventajas de cada uno de los planes disponibles.<\/p>\t\t\t\t<\/div>\n\t\t\t\t<div class=\"elementor-element elementor-element-a328933 elementor-align-center elementor-mobile-align-justify elementor-widget-mobile__width-inherit elementor-invisible elementor-widget elementor-widget-button\" data-id=\"a328933\" data-element_type=\"widget\" data-e-type=\"widget\" data-settings=\"{&quot;_animation&quot;:&quot;fadeIn&quot;}\" data-widget_type=\"button.default\">\n\t\t\t\t\t\t\t\t\t\t<a class=\"elementor-button elementor-size-sm\" role=\"button\">\n\t\t\t\t\t\t<span class=\"elementor-button-content-wrapper\">\n\t\t\t\t\t\t\t\t\t<span class=\"elementor-button-text\">Programar una llamada<\/span>\n\t\t\t\t\t<\/span>\n\t\t\t\t\t<\/a>\n\t\t\t\t\t\t\t\t<\/div>\n\t\t\t\t<\/div>\n\t\t<div class=\"elementor-element elementor-element-082e913 e-con-full e-flex e-con e-child\" data-id=\"082e913\" data-element_type=\"container\" data-e-type=\"container\">\n\t\t\t\t<div class=\"elementor-element elementor-element-d59f42b fluent-form-widget-step-header-yes fluent-form-widget-step-progressbar-yes fluentform-widget-submit-button-custom elementor-widget elementor-widget-fluent-form-widget\" data-id=\"d59f42b\" data-element_type=\"widget\" data-e-type=\"widget\" data-widget_type=\"fluent-form-widget.default\">\n\t\t\t\t<div class=\"elementor-widget-container\">\n\t\t\t\t\t\n            <div class=\"fluentform-widget-wrapper fluentform-widget-align-default\">\n\n            \n            <div class='fluentform ff-default fluentform_wrapper_7 ffs_custom_wrap'><form data-form_id=\"7\" id=\"fluentform_7\" class=\"frm-fluent-form fluent_form_7 ff-el-form-left ff_form_instance_7_1 ff-form-loading ff_has_v3_recptcha ffs_custom\" data-form_instance=\"ff_form_instance_7_1\" method=\"POST\" data-recptcha_key=\"6Ld-Rm4qAAAAAHBbWjnaIxvoDlEMnFw7dvIDfdem\" ><fieldset  style=\"border: none!important;margin: 0!important;padding: 0!important;background-color: transparent!important;box-shadow: none!important;outline: none!important; min-inline-size: 100%;\">\n                    <legend class=\"ff_screen_reader_title\" style=\"display: block; margin: 0!important;padding: 0!important;height: 0!important;text-indent: -999999px;width: 0!important;overflow:hidden;\">[Contact us] [ES] MDM & MAD<\/legend><input type='hidden' name='__fluent_form_embded_post_id' value='24334' \/><input type=\"hidden\" id=\"_fluentform_7_fluentformnonce\" name=\"_fluentform_7_fluentformnonce\" value=\"b04f08542f\" \/><input type=\"hidden\" name=\"_wp_http_referer\" value=\"\/es\/wp-json\/wp\/v2\/pages\/24334\" \/><div data-type=\"name-element\" data-name=\"names\" class=\" ff-field_container ff-name-field-wrapper\" ><div class='ff-t-container'><div class='ff-t-cell '><div class='ff-el-group  ff-el-form-top'><div class=\"ff-el-input--label ff-el-is-required asterisk-right\"><label for='ff_7_names_first_name_' id='label_ff_7_names_first_name_' >Nombre<\/label><\/div><div class='ff-el-input--content'><input type=\"text\" name=\"names[first_name]\" id=\"ff_7_names_first_name_\" class=\"ff-el-form-control\" placeholder=\"Tu nombre\" aria-invalid=\"false\" aria-required=true><\/div><\/div><\/div><\/div><\/div><div class='ff-el-group ff-el-form-top'><div class=\"ff-el-input--label ff-el-is-required asterisk-right\"><label for='ff_7_email' id='label_ff_7_email' aria-label=\"Email de empresa\">Email de empresa<\/label><\/div><div class='ff-el-input--content'><input type=\"email\" name=\"email\" id=\"ff_7_email\" class=\"ff-el-form-control\" placeholder=\"Email de empresa\" data-name=\"email\"  aria-invalid=\"false\" aria-required=true><\/div><\/div><div class='ff-el-group ff-el-form-top'><div class=\"ff-el-input--label ff-el-is-required asterisk-right\"><label   aria-label=\"Qu\u00e9 necesitas?\">Qu\u00e9 necesitas?<\/label><\/div><div class='ff-el-input--content'><div class='ff-el-form-check ff-el-form-check-'><label class='ff-el-form-check-label' for='interest_8210bfd9e600cdcbde14c2537390126d'><input  type=\"radio\" name=\"interest\" data-name=\"interest\" class=\"ff-el-form-check-input ff-el-form-check-radio\" value=\"Distribuir Apps\"  id='interest_8210bfd9e600cdcbde14c2537390126d' aria-label='Distribuir Apps' aria-invalid='false' aria-required=true> <span>Distribuir Apps<\/span><\/label><\/div><div class='ff-el-form-check ff-el-form-check-'><label class='ff-el-form-check-label' for='interest_695056b503841c35cae567d54f889d5b'><input  type=\"radio\" name=\"interest\" data-name=\"interest\" class=\"ff-el-form-check-input ff-el-form-check-radio\" value=\"Gestionar Dispositivos\"  id='interest_695056b503841c35cae567d54f889d5b' aria-label='Gestionar Dispositivos' aria-invalid='false' aria-required=true> <span>Gestionar Dispositivos<\/span><\/label><\/div><\/div><\/div><div class='ff-el-group ff-el-form-top has-conditions devices'><div class=\"ff-el-input--label ff-el-is-required asterisk-right\"><label   aria-label=\"Numero aproximado de dispositivos\">Numero aproximado de dispositivos<\/label><\/div><div class='ff-el-input--content'><div class='ff-el-form-check ff-el-form-check-'><label class='ff-el-form-check-label' for='devices_88b97d5a1bab9a834f871b62218b0b96'><input  type=\"radio\" name=\"devices\" data-name=\"devices\" class=\"ff-el-form-check-input ff-el-form-check-radio\" value=\"10 - 50\"  id='devices_88b97d5a1bab9a834f871b62218b0b96' aria-label='10 - 50' aria-invalid='false' aria-required=true> <span>10 - 50<\/span><\/label><\/div><div class='ff-el-form-check ff-el-form-check-'><label class='ff-el-form-check-label' for='devices_76e6ff4f2b46914c1e1916466753dda1'><input  type=\"radio\" name=\"devices\" data-name=\"devices\" class=\"ff-el-form-check-input ff-el-form-check-radio\" value=\"51 - 250\"  id='devices_76e6ff4f2b46914c1e1916466753dda1' aria-label='51 - 250' aria-invalid='false' aria-required=true> <span>51 - 250<\/span><\/label><\/div><div class='ff-el-form-check ff-el-form-check-'><label class='ff-el-form-check-label' for='devices_0b78912ff105b0e06b71480f71637d44'><input  type=\"radio\" name=\"devices\" data-name=\"devices\" class=\"ff-el-form-check-input ff-el-form-check-radio\" value=\"251 - 500\"  id='devices_0b78912ff105b0e06b71480f71637d44' aria-label='251 - 500' aria-invalid='false' aria-required=true> <span>251 - 500<\/span><\/label><\/div><div class='ff-el-form-check ff-el-form-check-'><label class='ff-el-form-check-label' for='devices_6e8d8a1622fb8ca965481f51edb3fe33'><input  type=\"radio\" name=\"devices\" data-name=\"devices\" class=\"ff-el-form-check-input ff-el-form-check-radio\" value=\"501 - 1000\"  id='devices_6e8d8a1622fb8ca965481f51edb3fe33' aria-label='501 - 1000' aria-invalid='false' aria-required=true> <span>501 - 1000<\/span><\/label><\/div><div class='ff-el-form-check ff-el-form-check-'><label class='ff-el-form-check-label' for='devices_ddaaf99370ffd9ad7613e60013752f34'><input  type=\"radio\" name=\"devices\" data-name=\"devices\" class=\"ff-el-form-check-input ff-el-form-check-radio\" value=\"M\u00e1s de 1000\"  id='devices_ddaaf99370ffd9ad7613e60013752f34' aria-label='M\u00e1s de 1000' aria-invalid='false' aria-required=true> <span>M\u00e1s de 1000<\/span><\/label><\/div><div class='ff-el-help-message'>\u00bfCu\u00e1ntos dispositivos quieres gestionar con Applivery?<\/div><\/div><\/div><div class='ff-el-group ff-el-form-top has-conditions'><div class=\"ff-el-input--label ff-el-is-required asterisk-right\"><label   aria-label=\"Sistema operativo\">Sistema operativo<\/label><\/div><div class='ff-el-input--content'><div class='ff-el-form-check ff-el-form-check-'><label class='ff-el-form-check-label' for='os_9aa4147e1b7039d0ef07e9fdc9581a44'><input  type=\"checkbox\" name=\"os[]\" data-name=\"os\" class=\"ff-el-form-check-input ff-el-form-check-checkbox\" value=\"Android\"  id='os_9aa4147e1b7039d0ef07e9fdc9581a44' aria-label='Android' aria-invalid='false' aria-required=true> <span>Android<\/span><\/label><\/div><div class='ff-el-form-check ff-el-form-check-'><label class='ff-el-form-check-label' for='os_ab49227279f6bdb0d383196994f695fa'><input  type=\"checkbox\" name=\"os[]\" data-name=\"os\" class=\"ff-el-form-check-input ff-el-form-check-checkbox\" value=\"Apple\"  id='os_ab49227279f6bdb0d383196994f695fa' aria-label='Apple' aria-invalid='false' aria-required=true> <span>Apple<\/span><\/label><\/div><div class='ff-el-form-check ff-el-form-check-'><label class='ff-el-form-check-label' for='os_ba38b29973537a8508ccf117dabba5e3'><input  type=\"checkbox\" name=\"os[]\" data-name=\"os\" class=\"ff-el-form-check-input ff-el-form-check-checkbox\" value=\"Windows\"  id='os_ba38b29973537a8508ccf117dabba5e3' aria-label='Windows' aria-invalid='false' aria-required=true> <span>Windows<\/span><\/label><\/div><div class='ff-el-help-message'>\u00bfCu\u00e1les sistemas operativos que quieres gestionar?<\/div><\/div><\/div><div class='ff-el-group ff-el-form-top'><div class=\"ff-el-input--label asterisk-right\"><label for='ff_7_message' id='label_ff_7_message' aria-label=\"\u00bfQuieres compartir alg\u00fan comentario?\">\u00bfQuieres compartir alg\u00fan comentario?<\/label><\/div><div class='ff-el-input--content'><textarea aria-required=\"false\" aria-labelledby=\"label_ff_7_message\" name=\"message\" id=\"ff_7_message\" class=\"ff-el-form-control\" placeholder=\"Tu mensaje (Opcional)\" rows=\"4\" cols=\"2\" data-name=\"message\" ><\/textarea><\/div><\/div><div class='ff-el-group ff-text-left ff_submit_btn_wrapper ff_submit_btn_wrapper_custom'><button class=\"ff-btn ff-btn-submit ff-btn-lg ff_btn_style wpf_has_custom_css\" type=\"submit\" name=\"custom_submit_button-7_1\" data-name=\"custom_submit_button-7_1\"  aria-label=\"Enviar\">Enviar<\/button><style>form.fluent_form_7 .wpf_has_custom_css.ff-btn-submit { background-color:rgba(2, 65, 227, 1);border-color:rgba(2, 65, 227, 1);color:#ffffff;min-width:100%; }form.fluent_form_7 .wpf_has_custom_css.ff-btn-submit:hover { background-color:#ffffff;border-color:#1a7efb;color:#1a7efb;min-width:100%; } <\/style><\/div><input type=\"hidden\" name=\"hidden\" value=\"https:\/\/www.applivery.com\" data-name=\"hidden\" ><\/fieldset><\/form><div id='fluentform_7_errors' class='ff-errors-in-stack ff_form_instance_7_1 ff-form-loading_errors ff_form_instance_7_1_errors'><\/div><\/div>            <script type=\"text\/javascript\">\n                window.fluent_form_ff_form_instance_7_1 = {\"id\":\"7\",\"settings\":{\"layout\":{\"labelPlacement\":\"left\",\"helpMessagePlacement\":\"under_input\",\"errorMessagePlacement\":\"inline\",\"cssClassName\":\"\",\"asteriskPlacement\":\"asterisk-right\"},\"restrictions\":{\"denyEmptySubmission\":{\"enabled\":false}}},\"form_instance\":\"ff_form_instance_7_1\",\"form_id_selector\":\"fluentform_7\",\"rules\":{\"names[first_name]\":{\"required\":{\"value\":true,\"message\":\"This field is required\",\"global\":false,\"global_message\":\"This field is required\"}},\"names[middle_name]\":{\"required\":{\"value\":false,\"message\":\"This field is required\",\"global\":false,\"global_message\":\"This field is required\"}},\"names[last_name]\":{\"required\":{\"value\":false,\"message\":\"This field is required\",\"global\":false,\"global_message\":\"This field is required\"}},\"email\":{\"required\":{\"value\":true,\"message\":\"This field is required\",\"global\":false,\"global_message\":\"This field is required\"},\"email\":{\"value\":true,\"message\":\"This field must contain a valid email\",\"global\":false,\"global_message\":\"This field must contain a valid email\"}},\"interest\":{\"required\":{\"value\":true,\"message\":\"Este campo es obligatorio\",\"global_message\":\"This field is required\",\"global\":true}},\"devices\":{\"required\":{\"value\":true,\"message\":\"Este campo es obligatorio\",\"global_message\":\"This field is required\",\"global\":true}},\"os\":{\"required\":{\"value\":true,\"message\":\"Este campo es obligatorio\",\"global_message\":\"This field is required\",\"global\":true}},\"message\":{\"required\":{\"value\":false,\"message\":\"This field is required\",\"global\":false,\"global_message\":\"This field is required\"}},\"g-recaptcha-response\":[]},\"debounce_time\":300,\"conditionals\":{\"devices\":{\"type\":\"any\",\"status\":true,\"conditions\":[{\"field\":\"interest\",\"value\":\"Gestionar Dispositivos\",\"operator\":\"=\"}]},\"os\":{\"type\":\"any\",\"status\":true,\"conditions\":[{\"field\":\"interest\",\"value\":\"Gestionar Dispositivos\",\"operator\":\"=\"}]}}};\n                            <\/script>\n                        <\/div>\n\n            \t\t\t\t<\/div>\n\t\t\t\t<\/div>\n\t\t\t\t<\/div>\n\t\t\t\t\t<\/div>\n\t\t\t\t<\/div>\n\t\t\t\t<\/div>\n\t\t","protected":false},"excerpt":{"rendered":"<p>Contacto Comercial Solicite una sesi\u00f3n individual con nuestro equipo de ventas o env\u00edenos un mensaje y nos pondremos en contacto contigo. VentasEn esta sesi\u00f3n en l\u00ednea, nuestros asesores de ventas te ayudar\u00e1n a definir la mejor estrategia y las opciones de compra de Applivery. Tambi\u00e9n le explicar\u00e1n detalladamente las principales ventajas de cada uno de [&hellip;]<\/p>\n","protected":false},"author":1,"featured_media":18974,"parent":0,"menu_order":0,"comment_status":"closed","ping_status":"closed","template":"","meta":{"content-type":"","inline_featured_image":false,"footnotes":""},"class_list":["post-24334","page","type-page","status-publish","has-post-thumbnail","hentry"],"aioseo_notices":[],"_links":{"self":[{"href":"https:\/\/www.applivery.com\/es\/wp-json\/wp\/v2\/pages\/24334","targetHints":{"allow":["GET"]}}],"collection":[{"href":"https:\/\/www.applivery.com\/es\/wp-json\/wp\/v2\/pages"}],"about":[{"href":"https:\/\/www.applivery.com\/es\/wp-json\/wp\/v2\/types\/page"}],"author":[{"embeddable":true,"href":"https:\/\/www.applivery.com\/es\/wp-json\/wp\/v2\/users\/1"}],"replies":[{"embeddable":true,"href":"https:\/\/www.applivery.com\/es\/wp-json\/wp\/v2\/comments?post=24334"}],"version-history":[{"count":8,"href":"https:\/\/www.applivery.com\/es\/wp-json\/wp\/v2\/pages\/24334\/revisions"}],"predecessor-version":[{"id":55704,"href":"https:\/\/www.applivery.com\/es\/wp-json\/wp\/v2\/pages\/24334\/revisions\/55704"}],"wp:featuredmedia":[{"embeddable":true,"href":"https:\/\/www.applivery.com\/es\/wp-json\/wp\/v2\/media\/18974"}],"wp:attachment":[{"href":"https:\/\/www.applivery.com\/es\/wp-json\/wp\/v2\/media?parent=24334"}],"curies":[{"name":"wp","href":"https:\/\/api.w.org\/{rel}","templated":true}]}}