{"id":24356,"date":"2021-09-03T18:46:29","date_gmt":"2021-09-03T18:46:29","guid":{"rendered":"https:\/\/www.applivery.com\/pongase-en-contacto-con-nosotros-para-mdm-y-distribucion-de-aplicaciones\/"},"modified":"2026-03-11T12:18:03","modified_gmt":"2026-03-11T12:18:03","slug":"contacto","status":"publish","type":"page","link":"https:\/\/www.applivery.com\/es\/contacto\/","title":{"rendered":"P\u00f3ngase en contacto con nosotros para MDM y distribuci\u00f3n de aplicaciones"},"content":{"rendered":"\t\t<div data-elementor-type=\"wp-page\" data-elementor-id=\"24356\" class=\"elementor elementor-24356 elementor-3161\" data-elementor-post-type=\"page\">\n\t\t\t\t<div class=\"elementor-element elementor-element-75dbc6f e-flex e-con-boxed e-con e-parent\" data-id=\"75dbc6f\" data-element_type=\"container\" data-e-type=\"container\" data-settings=\"{&quot;background_background&quot;:&quot;classic&quot;}\">\n\t\t\t\t\t<div class=\"e-con-inner\">\n\t\t<div class=\"elementor-element elementor-element-73dfdf5 e-con-full e-flex e-con e-child\" data-id=\"73dfdf5\" data-element_type=\"container\" data-e-type=\"container\">\n\t\t\t\t<div class=\"elementor-element elementor-element-a509bc1 elementor-widget elementor-widget-heading\" data-id=\"a509bc1\" data-element_type=\"widget\" data-e-type=\"widget\" data-widget_type=\"heading.default\">\n\t\t\t\t\t<h1 class=\"elementor-heading-title elementor-size-default\">Cont\u00e1ctanos<\/h1>\t\t\t\t<\/div>\n\t\t\t\t<div class=\"elementor-element elementor-element-adc08b3 elementor-widget elementor-widget-heading\" data-id=\"adc08b3\" data-element_type=\"widget\" data-e-type=\"widget\" data-widget_type=\"heading.default\">\n\t\t\t\t\t<div class=\"elementor-heading-title elementor-size-default\">Si tiene alguna pregunta sobre funcionalidades, pruebas, precios, necesita una demostraci\u00f3n, una asociaci\u00f3n o cualquier otra cosa, nuestro equipo est\u00e1 preparado para responder a todas sus preguntas.<\/div>\t\t\t\t<\/div>\n\t\t\t\t<div class=\"elementor-element elementor-element-da743a9 elementor-widget elementor-widget-spacer\" data-id=\"da743a9\" data-element_type=\"widget\" data-e-type=\"widget\" data-widget_type=\"spacer.default\">\n\t\t\t\t\t\t\t<div class=\"elementor-spacer\">\n\t\t\t<div class=\"elementor-spacer-inner\"><\/div>\n\t\t<\/div>\n\t\t\t\t\t\t<\/div>\n\t\t\t\t<div class=\"elementor-element elementor-element-7ac3274 elementor-align-left elementor-mobile-align-justify elementor-widget-mobile__width-inherit elementor-invisible elementor-widget elementor-widget-button\" data-id=\"7ac3274\" data-element_type=\"widget\" data-e-type=\"widget\" data-settings=\"{&quot;_animation&quot;:&quot;fadeIn&quot;}\" data-widget_type=\"button.default\">\n\t\t\t\t\t\t\t\t\t\t<a class=\"elementor-button elementor-button-link elementor-size-sm\" href=\"#demo\">\n\t\t\t\t\t\t<span class=\"elementor-button-content-wrapper\">\n\t\t\t\t\t\t<span class=\"elementor-button-icon\">\n\t\t\t\t<i aria-hidden=\"true\" class=\"iconlivery icon-liveryarrow-down\"><\/i>\t\t\t<\/span>\n\t\t\t\t\t\t\t\t\t<span class=\"elementor-button-text\">o reserve una demostraci\u00f3n<\/span>\n\t\t\t\t\t<\/span>\n\t\t\t\t\t<\/a>\n\t\t\t\t\t\t\t\t<\/div>\n\t\t\t\t<\/div>\n\t\t<div class=\"elementor-element elementor-element-4eeb869 e-con-full e-flex e-con e-child\" data-id=\"4eeb869\" data-element_type=\"container\" data-e-type=\"container\">\n\t\t\t\t<\/div>\n\t\t\t\t\t<\/div>\n\t\t\t\t<\/div>\n\t\t<div class=\"elementor-element elementor-element-eb63c20 e-flex e-con-boxed e-con e-parent\" data-id=\"eb63c20\" data-element_type=\"container\" data-e-type=\"container\">\n\t\t\t\t\t<div class=\"e-con-inner\">\n\t\t<div class=\"elementor-element elementor-element-4f5431e e-con-full e-flex e-con e-child\" data-id=\"4f5431e\" data-element_type=\"container\" data-e-type=\"container\">\n\t\t\t\t<div class=\"elementor-element elementor-element-ca696e4 elementor-widget__width-inherit elementor-widget elementor-widget-image\" data-id=\"ca696e4\" data-element_type=\"widget\" data-e-type=\"widget\" data-widget_type=\"image.default\">\n\t\t\t\t\t\t\t\t\t\t\t\t\t\t\t<img loading=\"lazy\" decoding=\"async\" width=\"800\" height=\"538\" src=\"https:\/\/www.applivery.com\/wp-content\/uploads\/2022\/10\/apple-device-management-mdm-for-apple-1-1024x689.png\" class=\"attachment-large size-large wp-image-21458\" alt=\"apple device management mdm for apple (1)\" srcset=\"https:\/\/www.applivery.com\/wp-content\/uploads\/2022\/10\/apple-device-management-mdm-for-apple-1-1024x689.png 1024w, https:\/\/www.applivery.com\/wp-content\/uploads\/2022\/10\/apple-device-management-mdm-for-apple-1-300x202.png 300w, https:\/\/www.applivery.com\/wp-content\/uploads\/2022\/10\/apple-device-management-mdm-for-apple-1-768x517.png 768w, https:\/\/www.applivery.com\/wp-content\/uploads\/2022\/10\/apple-device-management-mdm-for-apple-1.png 1280w\" sizes=\"auto, (max-width: 800px) 100vw, 800px\" title=\"apple device management mdm for apple (1) | Applivery\" \/>\t\t\t\t\t\t\t\t\t\t\t\t\t\t\t<\/div>\n\t\t\t\t<div class=\"elementor-element elementor-element-bf11933 elementor-widget__width-inherit elementor-widget elementor-widget-heading\" data-id=\"bf11933\" data-element_type=\"widget\" data-e-type=\"widget\" data-widget_type=\"heading.default\">\n\t\t\t\t\t<p class=\"elementor-heading-title elementor-size-default\">Si tiene alguna pregunta, no dudes en ponerse en contacto con nosotros. Le responderemos en un plazo de 48 horas.<\/p>\t\t\t\t<\/div>\n\t\t\t\t<div class=\"elementor-element elementor-element-23ff399 elementor-align-center elementor-mobile-align-justify elementor-widget-mobile__width-inherit elementor-invisible elementor-widget elementor-widget-button\" data-id=\"23ff399\" data-element_type=\"widget\" data-e-type=\"widget\" data-settings=\"{&quot;_animation&quot;:&quot;fadeIn&quot;}\" data-widget_type=\"button.default\">\n\t\t\t\t\t\t\t\t\t\t<a class=\"elementor-button elementor-button-link elementor-size-sm\" href=\"mailto:support@applivery.com\">\n\t\t\t\t\t\t<span class=\"elementor-button-content-wrapper\">\n\t\t\t\t\t\t<span class=\"elementor-button-icon\">\n\t\t\t\t<i aria-hidden=\"true\" class=\"iconlivery icon-liveryenvelope\"><\/i>\t\t\t<\/span>\n\t\t\t\t\t\t\t\t\t<span class=\"elementor-button-text\">Soporte t\u00e9cnico<\/span>\n\t\t\t\t\t<\/span>\n\t\t\t\t\t<\/a>\n\t\t\t\t\t\t\t\t<\/div>\n\t\t\t\t<\/div>\n\t\t<div class=\"elementor-element elementor-element-4cd0f2d e-con-full e-flex e-con e-child\" data-id=\"4cd0f2d\" data-element_type=\"container\" data-e-type=\"container\" data-settings=\"{&quot;background_background&quot;:&quot;classic&quot;}\">\n\t\t\t\t<div class=\"elementor-element elementor-element-909dd26 form__hubspot-form elementor-widget elementor-widget-html\" data-id=\"909dd26\" data-element_type=\"widget\" data-e-type=\"widget\" data-widget_type=\"html.default\">\n\t\t\t\t\t<script src=\"https:\/\/js-eu1.hsforms.net\/forms\/embed\/developer\/48351076.js\" defer><\/script>\n<div class=\"hs-form-html\" data-region=\"eu1\" data-form-id=\"45fa1a94-1aa7-4b3c-9535-1c6b245c78cf\" data-portal-id=\"48351076\"><\/div>\t\t\t\t<\/div>\n\t\t\t\t<\/div>\n\t\t\t\t\t<\/div>\n\t\t\t\t<\/div>\n\t\t<div class=\"elementor-element elementor-element-c4b4494 e-flex e-con-boxed e-con e-parent\" data-id=\"c4b4494\" data-element_type=\"container\" data-e-type=\"container\" id=\"demo\" data-settings=\"{&quot;background_background&quot;:&quot;classic&quot;}\">\n\t\t\t\t\t<div class=\"e-con-inner\">\n\t\t<div class=\"elementor-element elementor-element-eac5fa5 e-flex e-con-boxed e-con e-child\" data-id=\"eac5fa5\" data-element_type=\"container\" data-e-type=\"container\">\n\t\t\t\t\t<div class=\"e-con-inner\">\n\t\t\t\t<div class=\"elementor-element elementor-element-0d1c697 elementor-widget elementor-widget-heading\" data-id=\"0d1c697\" data-element_type=\"widget\" data-e-type=\"widget\" data-widget_type=\"heading.default\">\n\t\t\t\t\t<h2 class=\"elementor-heading-title elementor-size-default\">Recorrido del producto<\/h2>\t\t\t\t<\/div>\n\t\t\t\t<div class=\"elementor-element elementor-element-f9ababe elementor-widget elementor-widget-heading\" data-id=\"f9ababe\" data-element_type=\"widget\" data-e-type=\"widget\" data-widget_type=\"heading.default\">\n\t\t\t\t\t<h2 class=\"elementor-heading-title elementor-size-default\">En esta sesi\u00f3n en l\u00ednea, nuestro consultor de productos le guiar\u00e1 a trav\u00e9s de un flujo de trabajo que te demostrar\u00e1 c\u00f3mo puede gestionar sus aplicaciones y dispositivos m\u00f3viles sin esfuerzo.<\/h2>\t\t\t\t<\/div>\n\t\t\t\t\t<\/div>\n\t\t\t\t<\/div>\n\t\t<div class=\"elementor-element elementor-element-7d12362 e-con-full e-flex e-con e-child\" data-id=\"7d12362\" data-element_type=\"container\" data-e-type=\"container\" data-settings=\"{&quot;background_background&quot;:&quot;classic&quot;}\">\n\t\t\t\t<div class=\"elementor-element elementor-element-efecd60 elementor-widget__width-inherit elementor-widget elementor-widget-html\" data-id=\"efecd60\" data-element_type=\"widget\" data-e-type=\"widget\" data-widget_type=\"html.default\">\n\t\t\t\t\t<!-- Start of Meetings Embed Script -->\n    <div class=\"meetings-iframe-container\" data-src=\"https:\/\/go.applivery.com\/meetings\/join\/discovery?embed=true\"><\/div>\n    <script type=\"text\/javascript\" src=\"https:\/\/static.hsappstatic.net\/MeetingsEmbed\/ex\/MeetingsEmbedCode.js\"><\/script>\n  <!-- End of Meetings Embed Script -->\t\t\t\t<\/div>\n\t\t\t\t<\/div>\n\t\t\t\t\t<\/div>\n\t\t\t\t<\/div>\n\t\t\t\t<\/div>\n\t\t","protected":false},"excerpt":{"rendered":"<p>Cont\u00e1ctanos Si tiene alguna pregunta sobre funcionalidades, pruebas, precios, necesita una demostraci\u00f3n, una asociaci\u00f3n o cualquier otra cosa, nuestro equipo est\u00e1 preparado para responder a todas sus preguntas. o reserve una demostraci\u00f3n Si tiene alguna pregunta, no dudes en ponerse en contacto con nosotros. Le responderemos en un plazo de 48 horas. Soporte t\u00e9cnico Recorrido [&hellip;]<\/p>\n","protected":false},"author":2,"featured_media":21570,"parent":0,"menu_order":0,"comment_status":"closed","ping_status":"closed","template":"elementor_header_footer","meta":{"content-type":"","inline_featured_image":false,"footnotes":""},"class_list":["post-24356","page","type-page","status-publish","has-post-thumbnail","hentry"],"aioseo_notices":[],"_links":{"self":[{"href":"https:\/\/www.applivery.com\/es\/wp-json\/wp\/v2\/pages\/24356","targetHints":{"allow":["GET"]}}],"collection":[{"href":"https:\/\/www.applivery.com\/es\/wp-json\/wp\/v2\/pages"}],"about":[{"href":"https:\/\/www.applivery.com\/es\/wp-json\/wp\/v2\/types\/page"}],"author":[{"embeddable":true,"href":"https:\/\/www.applivery.com\/es\/wp-json\/wp\/v2\/users\/2"}],"replies":[{"embeddable":true,"href":"https:\/\/www.applivery.com\/es\/wp-json\/wp\/v2\/comments?post=24356"}],"version-history":[{"count":27,"href":"https:\/\/www.applivery.com\/es\/wp-json\/wp\/v2\/pages\/24356\/revisions"}],"predecessor-version":[{"id":76789,"href":"https:\/\/www.applivery.com\/es\/wp-json\/wp\/v2\/pages\/24356\/revisions\/76789"}],"wp:featuredmedia":[{"embeddable":true,"href":"https:\/\/www.applivery.com\/es\/wp-json\/wp\/v2\/media\/21570"}],"wp:attachment":[{"href":"https:\/\/www.applivery.com\/es\/wp-json\/wp\/v2\/media?parent=24356"}],"curies":[{"name":"wp","href":"https:\/\/api.w.org\/{rel}","templated":true}]}}