{"id":64385,"date":"2025-08-14T21:58:37","date_gmt":"2025-08-14T21:58:37","guid":{"rendered":"https:\/\/www.applivery.com\/aem-autonomous-endpoint-management\/"},"modified":"2025-09-22T14:53:50","modified_gmt":"2025-09-22T14:53:50","slug":"aem-autonomous-endpoint-management","status":"publish","type":"page","link":"https:\/\/www.applivery.com\/es\/aem-autonomous-endpoint-management\/","title":{"rendered":"AEM &#8211; Autonomous Endpoint Management"},"content":{"rendered":"\t\t<div data-elementor-type=\"wp-page\" data-elementor-id=\"64385\" class=\"elementor elementor-64385 elementor-64359\" data-elementor-post-type=\"page\">\n\t\t\t\t<div class=\"elementor-element elementor-element-96f1d83 products__hero aem e-flex e-con-boxed e-con e-parent\" data-id=\"96f1d83\" data-element_type=\"container\" data-e-type=\"container\" data-settings=\"{&quot;background_background&quot;:&quot;classic&quot;}\">\n\t\t\t\t\t<div class=\"e-con-inner\">\n\t\t<div class=\"elementor-element elementor-element-354e2b3 e-con-full hero__content e-flex e-con e-child\" data-id=\"354e2b3\" data-element_type=\"container\" data-e-type=\"container\">\n\t\t\t\t<div class=\"elementor-element elementor-element-f0edce2 subtitle elementor-widget elementor-widget-heading\" data-id=\"f0edce2\" data-element_type=\"widget\" data-e-type=\"widget\" data-widget_type=\"heading.default\">\n\t\t\t\t\t<span class=\"elementor-heading-title elementor-size-default\">Autonomous Endpoint Management<\/span>\t\t\t\t<\/div>\n\t\t\t\t<div class=\"elementor-element elementor-element-19c0487 title elementor-widget-tablet__width-initial elementor-widget elementor-widget-heading\" data-id=\"19c0487\" data-element_type=\"widget\" data-e-type=\"widget\" data-widget_type=\"heading.default\">\n\t\t\t\t\t<h1 class=\"elementor-heading-title elementor-size-default\">Qu\u00e9 es AEM (Autonomous Endpoint Management) y todo lo que necesitas saber sobre el futuro de UEM.<\/h1>\t\t\t\t<\/div>\n\t\t\t\t<div class=\"elementor-element elementor-element-d5c59ae text elementor-widget__width-initial elementor-widget elementor-widget-heading\" data-id=\"d5c59ae\" data-element_type=\"widget\" data-e-type=\"widget\" data-widget_type=\"heading.default\">\n\t\t\t\t\t<p class=\"elementor-heading-title elementor-size-default\">Descubre qu\u00e9 es <b>AEM<\/b>, c\u00f3mo funciona y por qu\u00e9 est\u00e1 dando forma al futuro de la gesti\u00f3n unificada de puntos finales (UEM).<\/p>\t\t\t\t<\/div>\n\t\t\t\t<\/div>\n\t\t<div class=\"elementor-element elementor-element-ab34511 e-con-full hero__gradient e-flex e-con e-child\" data-id=\"ab34511\" data-element_type=\"container\" data-e-type=\"container\" data-settings=\"{&quot;background_background&quot;:&quot;gradient&quot;,&quot;position&quot;:&quot;absolute&quot;}\">\n\t\t\t\t<\/div>\n\t\t\t\t\t<\/div>\n\t\t\t\t<\/div>\n\t\t<div class=\"elementor-element elementor-element-f6c6571 products__content aem e-flex e-con-boxed e-con e-parent\" data-id=\"f6c6571\" data-element_type=\"container\" data-e-type=\"container\" data-settings=\"{&quot;background_background&quot;:&quot;classic&quot;}\">\n\t\t\t\t\t<div class=\"e-con-inner\">\n\t\t<div class=\"elementor-element elementor-element-c22a681 e-con-full what-is__wrapper e-flex e-con e-child\" data-id=\"c22a681\" data-element_type=\"container\" data-e-type=\"container\" data-settings=\"{&quot;background_background&quot;:&quot;classic&quot;}\">\n\t\t<div class=\"elementor-element elementor-element-8eb6e54 e-con-full content__block e-flex e-con e-child\" data-id=\"8eb6e54\" data-element_type=\"container\" data-e-type=\"container\">\n\t\t\t\t<div class=\"elementor-element elementor-element-ef6fbec elementor-widget elementor-widget-heading\" data-id=\"ef6fbec\" data-element_type=\"widget\" data-e-type=\"widget\" data-widget_type=\"heading.default\">\n\t\t\t\t\t<h2 class=\"elementor-heading-title elementor-size-default\">\u00bfQu\u00e9 es AEM (Autonomous Endpoint Management)?<\/h2>\t\t\t\t<\/div>\n\t\t\t\t<div class=\"elementor-element elementor-element-fc0f4be elementor-widget elementor-widget-text-editor\" data-id=\"fc0f4be\" data-element_type=\"widget\" data-e-type=\"widget\" data-widget_type=\"text-editor.default\">\n\t\t\t\t\t\t\t\t\t<b>Autonomous Endpoint Management <\/b>(AEM), presentado originalmente como Applivery Endpoint Management, es la siguiente evoluci\u00f3n en herramientas de gesti\u00f3n de puntos finales. Ahora conocida como Applivery Autonomous Endpoint Management (AAEM), ofrece un enfoque m\u00e1s inteligente y automatizado para gestionar, proteger y actualizar dispositivos a escala, reduciendo el trabajo manual y mejorando la eficiencia operativa. \t\t\t\t\t\t\t\t<\/div>\n\t\t\t\t<\/div>\n\t\t<div class=\"elementor-element elementor-element-5b91753 e-con-full content__block e-flex e-con e-child\" data-id=\"5b91753\" data-element_type=\"container\" data-e-type=\"container\">\n\t\t\t\t<div class=\"elementor-element elementor-element-43a0d3c elementor-widget elementor-widget-heading\" data-id=\"43a0d3c\" data-element_type=\"widget\" data-e-type=\"widget\" data-widget_type=\"heading.default\">\n\t\t\t\t\t<h2 class=\"elementor-heading-title elementor-size-default\">\u00bfEn qu\u00e9 se diferencia AEM de la gesti\u00f3n de puntos finales tradicional?<\/h2>\t\t\t\t<\/div>\n\t\t\t\t<div class=\"elementor-element elementor-element-82b8e4f elementor-widget elementor-widget-text-editor\" data-id=\"82b8e4f\" data-element_type=\"widget\" data-e-type=\"widget\" data-widget_type=\"text-editor.default\">\n\t\t\t\t\t\t\t\t\tLa gesti\u00f3n tradicional de puntos finales suele basarse en tareas manuales y en un enfoque reactivo. Con <b>AEM<\/b>, el sistema es proactivo. Se anticipa a los problemas, automatiza las tareas cr\u00edticas y garantiza la seguridad y el cumplimiento continuos. En lugar de esperar a que un administrador apruebe un parche, una plataforma AEM como Applivery puede identificar una vulnerabilidad y desplegar la correcci\u00f3n autom\u00e1ticamente, ahorrando tiempo y reduciendo el riesgo.   \t\t\t\t\t\t\t\t<\/div>\n\t\t\t\t<\/div>\n\t\t<div class=\"elementor-element elementor-element-6166edb e-con-full content__block e-flex e-con e-child\" data-id=\"6166edb\" data-element_type=\"container\" data-e-type=\"container\">\n\t\t\t\t<div class=\"elementor-element elementor-element-7049174 elementor-widget elementor-widget-heading\" data-id=\"7049174\" data-element_type=\"widget\" data-e-type=\"widget\" data-widget_type=\"heading.default\">\n\t\t\t\t\t<h2 class=\"elementor-heading-title elementor-size-default\">\u00bfC\u00f3mo incorpora Applivery AEM?<\/h2>\t\t\t\t<\/div>\n\t\t\t\t<div class=\"elementor-element elementor-element-387b632 elementor-widget elementor-widget-text-editor\" data-id=\"387b632\" data-element_type=\"widget\" data-e-type=\"widget\" data-widget_type=\"text-editor.default\">\n\t\t\t\t\t\t\t\t\t<p>Applivery ha integrado los principios de AEM directamente en nuestra plataforma de gesti\u00f3n de puntos finales. Utilizamos IA para automatizar funciones clave, yendo m\u00e1s all\u00e1 de los requisitos de Gartner para ofrecer una soluci\u00f3n verdaderamente inteligente. Con Applivery AEM, su equipo de TI puede dejar atr\u00e1s las tareas manuales repetitivas.  <\/p>\t\t\t\t\t\t\t\t<\/div>\n\t\t\t\t<\/div>\n\t\t<div class=\"elementor-element elementor-element-135fd1a e-con-full content__block e-flex e-con e-child\" data-id=\"135fd1a\" data-element_type=\"container\" data-e-type=\"container\">\n\t\t\t\t<div class=\"elementor-element elementor-element-d5bc910 elementor-widget elementor-widget-heading\" data-id=\"d5bc910\" data-element_type=\"widget\" data-e-type=\"widget\" data-widget_type=\"heading.default\">\n\t\t\t\t\t<h2 class=\"elementor-heading-title elementor-size-default\">AEM puede significar cosas diferentes seg\u00fan el sector y el contexto.<\/h2>\t\t\t\t<\/div>\n\t\t\t\t<div class=\"elementor-element elementor-element-971b76c elementor-widget elementor-widget-text-editor\" data-id=\"971b76c\" data-element_type=\"widget\" data-e-type=\"widget\" data-widget_type=\"text-editor.default\">\n\t\t\t\t\t\t\t\t\t<p><b>AEM<\/b> = <b>Adobe Experience Manager<\/b>: en el \u00e1mbito del marketing digital y la gesti\u00f3n de contenidos, AEM hace referencia a la plataforma de Adobe para crear, gestionar y ofrecer experiencias web personalizadas.<\/p>\t\t\t\t\t\t\t\t<\/div>\n\t\t\t\t<div class=\"elementor-element elementor-element-5dd956b elementor-widget elementor-widget-text-editor\" data-id=\"5dd956b\" data-element_type=\"widget\" data-e-type=\"widget\" data-widget_type=\"text-editor.default\">\n\t\t\t\t\t\t\t\t\tOtros usos espec\u00edficos del sector: en campos como la ingenier\u00eda, la fabricaci\u00f3n o la energ\u00eda, <b>AEM<\/b> tambi\u00e9n puede significar t\u00e9rminos como <b>Gesti\u00f3n avanzada de la energ\u00eda<\/b> o <b>Supervisi\u00f3n automatizada de equipos<\/b>, dependiendo del contexto.\n<br>Cuando se habla de <b>AEM<\/b> en IT Endpoint Management, es importante aclarar el significado para evitar confusiones con sectores o productos no relacionados.\t\t\t\t\t\t\t\t<\/div>\n\t\t\t\t<\/div>\n\t\t\t\t<\/div>\n\t\t\t\t\t<\/div>\n\t\t\t\t<\/div>\n\t\t\t\t<\/div>\n\t\t","protected":false},"excerpt":{"rendered":"<p>AEM son las siglas de Autonomous Endpoint Management (antes conocido como Applivery Endpoint Management, ahora AAEM &#8211; Applivery Autonomous Endpoint Management). Descubre qu\u00e9 es AEM, c\u00f3mo funciona y por qu\u00e9 representa la pr\u00f3xima generaci\u00f3n de plataformas UEM (Unified Endpoint Management). <\/p>\n","protected":false},"author":2,"featured_media":64362,"parent":0,"menu_order":0,"comment_status":"closed","ping_status":"closed","template":"","meta":{"content-type":"","inline_featured_image":false,"footnotes":""},"class_list":["post-64385","page","type-page","status-publish","has-post-thumbnail","hentry"],"aioseo_notices":[],"_links":{"self":[{"href":"https:\/\/www.applivery.com\/es\/wp-json\/wp\/v2\/pages\/64385","targetHints":{"allow":["GET"]}}],"collection":[{"href":"https:\/\/www.applivery.com\/es\/wp-json\/wp\/v2\/pages"}],"about":[{"href":"https:\/\/www.applivery.com\/es\/wp-json\/wp\/v2\/types\/page"}],"author":[{"embeddable":true,"href":"https:\/\/www.applivery.com\/es\/wp-json\/wp\/v2\/users\/2"}],"replies":[{"embeddable":true,"href":"https:\/\/www.applivery.com\/es\/wp-json\/wp\/v2\/comments?post=64385"}],"version-history":[{"count":8,"href":"https:\/\/www.applivery.com\/es\/wp-json\/wp\/v2\/pages\/64385\/revisions"}],"predecessor-version":[{"id":66894,"href":"https:\/\/www.applivery.com\/es\/wp-json\/wp\/v2\/pages\/64385\/revisions\/66894"}],"wp:featuredmedia":[{"embeddable":true,"href":"https:\/\/www.applivery.com\/es\/wp-json\/wp\/v2\/media\/64362"}],"wp:attachment":[{"href":"https:\/\/www.applivery.com\/es\/wp-json\/wp\/v2\/media?parent=64385"}],"curies":[{"name":"wp","href":"https:\/\/api.w.org\/{rel}","templated":true}]}}